{"id":2220,"date":"2023-03-15T18:26:57","date_gmt":"2023-03-15T18:26:57","guid":{"rendered":"https:\/\/advisortalks.com.br\/2025\/?page_id=2220"},"modified":"2025-08-14T21:07:27","modified_gmt":"2025-08-14T21:07:27","slug":"termos-de-uso-e-politica-de-privacidade","status":"publish","type":"page","link":"https:\/\/advisortalks.com.br\/2025\/termos-de-uso-e-politica-de-privacidade","title":{"rendered":"Termos de uso e pol\u00edtica de privacidade"},"content":{"rendered":"\n<h2 class=\"wp-block-heading\" id=\"h-sobre-o-evento\">Sobre o evento<\/h2>\n\n\n\n<p>O Advisor Talks que acontecer\u00e1 no dia 26 de novembro de 2025 e de forma presencial. Para acessar o conte\u00fado \u00e9 preciso se inscrever no site do evento atrav\u00e9s do endere\u00e7o eletr\u00f4nico:\u00a0<a href=\"https:\/\/advisortalks.com.br\/2025\/inscreva-se\/\">https:\/\/advisortalks.com.br\/2025\/<\/a>.<\/p>\n\n\n\n<div style=\"height:50px\" aria-hidden=\"true\" class=\"wp-block-spacer\"><\/div>\n\n\n\n<h2 class=\"wp-block-heading\" id=\"h-participacao\">Participa\u00e7\u00e3o<\/h2>\n\n\n\n<p>2.1 Ao completar sua inscri\u00e7\u00e3o, o Participante declara e confirma estar integralmente de acordo com todos os termos desta Pol\u00edtica e aceita cumprir as condi\u00e7\u00f5es aqui estabelecidas, tendo ci\u00eancia de que o descumprimento de qualquer regra aqui descrita implicar\u00e1 no cancelamento imediato da participa\u00e7\u00e3o no evento, bem como na aplica\u00e7\u00e3o das poss\u00edveis penalidades cab\u00edveis.<\/p>\n\n\n\n<p>2.2 \u00c9 imprescind\u00edvel o preenchimento correto, adequado e completo dos dados solicitados no ato da inscri\u00e7\u00e3o, e qualquer informa\u00e7\u00e3o falsa e\/ou imprecisa, pode ser objeto de verifica\u00e7\u00e3o e bloqueio da sua inscri\u00e7\u00e3o e\/ou participa\u00e7\u00e3o no Evento.<\/p>\n\n\n\n<p>2.3 N\u00e3o ser\u00e3o permitidas grava\u00e7\u00f5es e transmiss\u00f5es em \u00e1udio e\/ou v\u00eddeo do conte\u00fado do presente Evento, por qualquer meio, em nenhum momento durante ou ap\u00f3s a ocorr\u00eancia do Evento.<\/p>\n\n\n\n<p>2.3.1 Independentemente de penalidade&nbsp; aplicada em decorr\u00eancia da viola\u00e7\u00e3o da proibi\u00e7\u00e3o prevista no item 2.3, o participante reconhece que, em caso de viola\u00e7\u00e3o do item supra, bem como dos direitos autorais inerentes aos materiais do Evento, os organizadores, bem como o titular dos direitos autorais t\u00eam como prerrogativa impedir a pr\u00e1tica de grava\u00e7\u00f5es ou transmiss\u00f5es em \u00e1udio e\/ou v\u00eddeo do conte\u00fado do Evento, a qual, a depender da particularidade do caso, poder\u00e1 ensejar na responsabiliza\u00e7\u00e3o civil e\/ou penal do infrator, nos termos da Lei 9.160\/1998, bem como nos artigos 186 e 927 do C\u00f3digo Civil e no artigo 184 do C\u00f3digo Penal.<\/p>\n\n\n\n<p>2.2.3.2 Quaisquer necessidades de transmiss\u00e3o fora dos ambientes homologados pelas empresas promotoras e organizadoras do Evento dever\u00e3o ser validados e autorizados formalmente com elas, de forma pr\u00e9via. A autoriza\u00e7\u00e3o deve ser por escrito.<\/p>\n\n\n\n<p>2.4 O participante autoriza expressamente, o uso de seus dados pessoais, pelo Organizadores do Evento e Patrocinadores. O compartilhamento de dados entre os Organizadores e os patrocinadores do Evento acontecer\u00e3o conforme exig\u00eancias legais, sendo de inteira responsabilidade dos patrocinadores o uso dos dados2.4 O participante autoriza expressamente o uso e tratamento de seus dados pessoais, pelo Organizadores do Evento e Patrocinadores, para os fins previstos no presente documento (Lei n\u00ba 13.709\/2018, art. 7\u00ba, I).<\/p>\n\n\n\n<p>2.5 O compartilhamento de dados entre os Organizadores e os patrocinadores do Evento acontecer\u00e1 conforme exig\u00eancias legais, sendo de inteira responsabilidade dos patrocinadores o uso dos dados dentro dos limites definidos neste Regulamento e eventual Contrato a ser celebrado. Os Organizadores ficam isentos de qualquer responsabilidade no caso de viola\u00e7\u00e3o da legisla\u00e7\u00e3o vigente por parte do patrocinador e seus colaboradores.<\/p>\n\n\n\n<p>2.6. O participante desde j\u00e1 autoriza os Organizadores a utilizarem sua imagem, seu nome, o som de sua voz, bem como quaisquer representa\u00e7\u00f5es da personalidade do participante e demais caracter\u00edsticas pessoais, para a exibi\u00e7\u00e3o e reexibi\u00e7\u00e3o, sem quaisquer limites de n\u00fameros de vezes, no territ\u00f3rio nacional e internacional a qualquer tempo, extra\u00eddas no \u00e2mbito de sua participa\u00e7\u00e3o no Evento.<\/p>\n\n\n\n<div style=\"height:50px\" aria-hidden=\"true\" class=\"wp-block-spacer\"><\/div>\n\n\n\n<h2 class=\"wp-block-heading\" id=\"h-programacao\">Programa\u00e7\u00e3o<\/h2>\n\n\n\n<p>3.1. As palestras e demais apresenta\u00e7\u00f5es poder\u00e3o sofrer altera\u00e7\u00e3o de acordo com a compatibilidade de agenda dos palestrantes ou qualquer outro motivo que se fa\u00e7a necess\u00e1rio, sem necessidade de aviso pr\u00e9vio.<\/p>\n\n\n\n<p>3.2. Os Organizadores n\u00e3o possuem qualquer inger\u00eancia ou responsabilidade sobre o conte\u00fado apresentado por seus palestrantes, apresentadores e patrocinadores, incluindo-se coment\u00e1rios dos demais participantes, isentando-se de qualquer responsabilidade caso ocorram reclama\u00e7\u00f5es de terceiros em raz\u00e3o de o conte\u00fado das atividades ser eventualmente considerado ofensivo por qualquer pessoa. Bem como n\u00e3o se responsabilizam por eventuais decis\u00f5es de investimentos que venham a ser tomadas com base nas informa\u00e7\u00f5es divulgadas e se eximem de qualquer responsabilidade por quaisquer preju\u00edzos, diretos ou indiretos, que venham a decorrer da utiliza\u00e7\u00e3o deste material ou seu conte\u00fado.<\/p>\n\n\n\n<div style=\"height:50px\" aria-hidden=\"true\" class=\"wp-block-spacer\"><\/div>\n\n\n\n<h2 class=\"wp-block-heading\" id=\"h-privacidade\">Privacidade<\/h2>\n\n\n\n<p>4.1. A privacidade de suas informa\u00e7\u00f5es \u00e9 de grande import\u00e2ncia para n\u00f3s, e temos como pol\u00edtica respeitar a confidencialidade da informa\u00e7\u00e3o e a privacidade das pessoas em conformidade com as leis e regulamenta\u00e7\u00f5es vigentes.<\/p>\n\n\n\n<p>4.2. A presente Pol\u00edtica de Privacidade aplica-se \u00e0s atividades de tratamento da informa\u00e7\u00e3o pessoal eventualmente coletada antes, durante e depois do Evento. Ao optar pela inscri\u00e7\u00e3o no Evento, \u00e9 necess\u00e1rio que os seguintes dados sejam informados: nome, email, telefone, empresa, \u00e1rea, e cargo.<\/p>\n\n\n\n<p>4.3. Os dados informados n\u00e3o ser\u00e3o compartilhados a uma terceira parte, exceto:<\/p>\n\n\n\n<ul class=\"wp-block-list\">\n<li>para atendimento \u00e0 medida necess\u00e1ria dentro dos termos das leis, regras ou regula\u00e7\u00f5es aplic\u00e1veis;<\/li>\n\n\n\n<li>perante a exist\u00eancia de obriga\u00e7\u00e3o de divulga\u00e7\u00e3o;<\/li>\n\n\n\n<li>se os nossos leg\u00edtimos interesses empresariais exijam a divulga\u00e7\u00e3o;<\/li>\n\n\n\n<li>a pedido do cliente, mediante o seu consentimento;<\/li>\n\n\n\n<li>para cumprir com os objetivos e finalidades descritas nesta Pol\u00edtica de Privacidade;<\/li>\n\n\n\n<li>para os patrocinadores do evento, nos termos desta Pol\u00edtica de Privacidade.<\/li>\n<\/ul>\n\n\n\n<p>4.4. Caso aplic\u00e1vel, as entidades terceiras para as quais s\u00e3o compartilhadas informa\u00e7\u00f5es pessoais de forma a desempenhar os servi\u00e7os contratados, devem executar o processamento de dados garantindo o cumprimento das obriga\u00e7\u00f5es legais. Ainda assim, exigimos que as organiza\u00e7\u00f5es que manuseiam ou obt\u00eam esses dados pessoais, reconhe\u00e7am a criticidade desta informa\u00e7\u00e3o, assumam respeitar todos os direitos individuais de privacidade e cumpram com todas as leis relevantes de prote\u00e7\u00e3o de dados.<\/p>\n\n\n\n<p>4.5. Implementamos medidas protetivas contra amea\u00e7as f\u00edsicas, administrativas e t\u00e9cnicas para proteger suas informa\u00e7\u00f5es pessoais de acesso, uso e divulga\u00e7\u00e3o n\u00e3o autorizados.<\/p>\n\n\n\n<p>4.6. As suas informa\u00e7\u00f5es pessoais ser\u00e3o mantidas durante o tempo necess\u00e1rio para cumprir com os fins para os quais as informa\u00e7\u00f5es s\u00e3o tratadas ou por outros motivos v\u00e1lidos para reter suas informa\u00e7\u00f5es pessoais, como por exemplo o cumprimento de obriga\u00e7\u00f5es legais.<\/p>\n\n\n\n<p>4.6.1. Caso deseje que n\u00e3o utilizemos mais os seus dados pessoais, entre em contato pelo&nbsp;<a href=\"https:\/\/advisortalks.com.br\/2025\/contato\/\" target=\"_blank\" rel=\"noreferrer noopener\">formul\u00e1rio<\/a>. O que n\u00e3o ter\u00e1 efeito ap\u00f3s o envio de dados aos patrocinadores.<\/p>\n\n\n\n<p>4.7. A sua informa\u00e7\u00e3o pessoal poder\u00e1 ser divulgada se solicitada por regras, regulamenta\u00e7\u00f5es e se acreditarmos que essa divulga\u00e7\u00e3o \u00e9 necess\u00e1ria para proteger os nossos direitos e cumprir com outros procedimentos, ordens judiciais, processos legais comunicados ou para estar em conformidade com corpos governamentais ou outras entidades reguladoras. N\u00e3o somos respons\u00e1veis pelo uso indevido ou perda dos dados pessoais a que n\u00e3o temos acesso ou controle. Ficamos tamb\u00e9m isentos de responsabilidade diante do uso ilegal e n\u00e3o autorizado dessa informa\u00e7\u00e3o como consequ\u00eancia de uso indevido ou desvio das suas credenciais de acesso, conduta negligente ou maliciosa como consequ\u00eancia de atos ou omiss\u00f5es da sua parte ou de algu\u00e9m autorizado em seu nome.<\/p>\n\n\n\n<div style=\"height:50px\" aria-hidden=\"true\" class=\"wp-block-spacer\"><\/div>\n\n\n\n<h2 class=\"wp-block-heading\" id=\"h-informacoes-adicionais\">Informa\u00e7\u00f5es adicionais<\/h2>\n\n\n\n<p>5.1. \u00c9 proibido compartilhar o&nbsp;<em>link<\/em>&nbsp;de participa\u00e7\u00e3o e dados de acesso, bem como a sua utiliza\u00e7\u00e3o para fins promocionais ou institucionais, sem o consentimento expresso e por escrito dos Organizadores.<\/p>\n\n\n\n<p>5.2. O participante declara expressamente que leu, entendeu e concordou com esta Pol\u00edtica de Privacidade e est\u00e1 plenamente consciente dos direitos e deveres aqui descritos.<\/p>\n\n\n\n<p>5.3. Fica eleito o foro da Capital do Estado de S\u00e3o Paulo, para solu\u00e7\u00e3o de conflito ou discuss\u00e3o referente ao presente Regulamento.<\/p>\n","protected":false},"excerpt":{"rendered":"<p>Sobre o evento O Advisor Talks que acontecer\u00e1 no dia 26 de novembro de 2025 e de forma presencial. Para acessar o conte\u00fado \u00e9 preciso se inscrever no site do evento atrav\u00e9s do endere\u00e7o eletr\u00f4nico:\u00a0https:\/\/advisortalks.com.br\/2025\/. Participa\u00e7\u00e3o 2.1 Ao completar sua inscri\u00e7\u00e3o, o Participante declara e confirma estar integralmente de acordo com todos os termos desta [&hellip;]<\/p>\n","protected":false},"author":1,"featured_media":0,"parent":0,"menu_order":0,"comment_status":"closed","ping_status":"closed","template":"","meta":{"inline_featured_image":false,"footnotes":""},"class_list":["post-2220","page","type-page","status-publish","hentry"],"acf":[],"yoast_head":"<!-- This site is optimized with the Yoast SEO Premium plugin v25.9 (Yoast SEO v26.1.1) - https:\/\/yoast.com\/wordpress\/plugins\/seo\/ -->\n<title>Termos de uso e pol\u00edtica de privacidade - Advisor Talks 2025<\/title>\n<meta name=\"robots\" content=\"index, follow, max-snippet:-1, max-image-preview:large, max-video-preview:-1\" \/>\n<link rel=\"canonical\" href=\"https:\/\/advisortalks.com.br\/2025\/termos-de-uso-e-politica-de-privacidade\" \/>\n<meta property=\"og:locale\" content=\"pt_BR\" \/>\n<meta property=\"og:type\" content=\"article\" \/>\n<meta property=\"og:title\" content=\"Termos de uso e pol\u00edtica de privacidade\" \/>\n<meta property=\"og:description\" content=\"Sobre o evento O Advisor Talks que acontecer\u00e1 no dia 26 de novembro de 2025 e de forma presencial. Para acessar o conte\u00fado \u00e9 preciso se inscrever no site do evento atrav\u00e9s do endere\u00e7o eletr\u00f4nico:\u00a0https:\/\/advisortalks.com.br\/2025\/. Participa\u00e7\u00e3o 2.1 Ao completar sua inscri\u00e7\u00e3o, o Participante declara e confirma estar integralmente de acordo com todos os termos desta [&hellip;]\" \/>\n<meta property=\"og:url\" content=\"https:\/\/advisortalks.com.br\/2025\/termos-de-uso-e-politica-de-privacidade\" \/>\n<meta property=\"og:site_name\" content=\"Advisor Talks 2025\" \/>\n<meta property=\"article:modified_time\" content=\"2025-08-14T21:07:27+00:00\" \/>\n<meta name=\"twitter:card\" content=\"summary_large_image\" \/>\n<script type=\"application\/ld+json\" class=\"yoast-schema-graph\">{\"@context\":\"https:\/\/schema.org\",\"@graph\":[{\"@type\":\"WebPage\",\"@id\":\"https:\/\/advisortalks.com.br\/2025\/termos-de-uso-e-politica-de-privacidade\",\"url\":\"https:\/\/advisortalks.com.br\/2025\/termos-de-uso-e-politica-de-privacidade\",\"name\":\"Termos de uso e pol\u00edtica de privacidade - Advisor Talks 2025\",\"isPartOf\":{\"@id\":\"https:\/\/advisortalks.com.br\/2025\/#website\"},\"datePublished\":\"2023-03-15T18:26:57+00:00\",\"dateModified\":\"2025-08-14T21:07:27+00:00\",\"breadcrumb\":{\"@id\":\"https:\/\/advisortalks.com.br\/2025\/termos-de-uso-e-politica-de-privacidade#breadcrumb\"},\"inLanguage\":\"pt-BR\",\"potentialAction\":[{\"@type\":\"ReadAction\",\"target\":[\"https:\/\/advisortalks.com.br\/2025\/termos-de-uso-e-politica-de-privacidade\"]}]},{\"@type\":\"BreadcrumbList\",\"@id\":\"https:\/\/advisortalks.com.br\/2025\/termos-de-uso-e-politica-de-privacidade#breadcrumb\",\"itemListElement\":[{\"@type\":\"ListItem\",\"position\":1,\"name\":\"Home\",\"item\":\"https:\/\/advisortalks.com.br\/2025\/\"},{\"@type\":\"ListItem\",\"position\":2,\"name\":\"Termos de uso e pol\u00edtica de privacidade\"}]},{\"@type\":\"WebSite\",\"@id\":\"https:\/\/advisortalks.com.br\/2025\/#website\",\"url\":\"https:\/\/advisortalks.com.br\/2025\/\",\"name\":\"Advisor Talks - 2\u00ba Congresso dos Acessos de Investimento\",\"description\":\"\",\"publisher\":{\"@id\":\"https:\/\/advisortalks.com.br\/2025\/#organization\"},\"potentialAction\":[{\"@type\":\"SearchAction\",\"target\":{\"@type\":\"EntryPoint\",\"urlTemplate\":\"https:\/\/advisortalks.com.br\/2025\/?s={search_term_string}\"},\"query-input\":{\"@type\":\"PropertyValueSpecification\",\"valueRequired\":true,\"valueName\":\"search_term_string\"}}],\"inLanguage\":\"pt-BR\"},{\"@type\":[\"Organization\",\"Place\"],\"@id\":\"https:\/\/advisortalks.com.br\/2025\/#organization\",\"name\":\"2\u00ba Congresso dos Acessos de Investimento\",\"url\":\"https:\/\/advisortalks.com.br\/2025\/\",\"logo\":{\"@id\":\"https:\/\/advisortalks.com.br\/2025\/termos-de-uso-e-politica-de-privacidade#local-main-organization-logo\"},\"image\":{\"@id\":\"https:\/\/advisortalks.com.br\/2025\/termos-de-uso-e-politica-de-privacidade#local-main-organization-logo\"},\"telephone\":[],\"openingHoursSpecification\":[{\"@type\":\"OpeningHoursSpecification\",\"dayOfWeek\":[\"Monday\",\"Tuesday\",\"Wednesday\",\"Thursday\",\"Friday\",\"Saturday\",\"Sunday\"],\"opens\":\"09:00\",\"closes\":\"17:00\"}]},{\"@type\":\"ImageObject\",\"inLanguage\":\"pt-BR\",\"@id\":\"https:\/\/advisortalks.com.br\/2025\/termos-de-uso-e-politica-de-privacidade#local-main-organization-logo\",\"url\":\"https:\/\/advisortalks.com.br\/2025\/wp-content\/uploads\/2024\/07\/BrandPrincipal.svg\",\"contentUrl\":\"https:\/\/advisortalks.com.br\/2025\/wp-content\/uploads\/2024\/07\/BrandPrincipal.svg\",\"width\":178,\"height\":53,\"caption\":\"2\u00ba Congresso dos Acessos de Investimento\"}]}<\/script>\n<!-- \/ Yoast SEO Premium plugin. -->","yoast_head_json":{"title":"Termos de uso e pol\u00edtica de privacidade - Advisor Talks 2025","robots":{"index":"index","follow":"follow","max-snippet":"max-snippet:-1","max-image-preview":"max-image-preview:large","max-video-preview":"max-video-preview:-1"},"canonical":"https:\/\/advisortalks.com.br\/2025\/termos-de-uso-e-politica-de-privacidade","og_locale":"pt_BR","og_type":"article","og_title":"Termos de uso e pol\u00edtica de privacidade","og_description":"Sobre o evento O Advisor Talks que acontecer\u00e1 no dia 26 de novembro de 2025 e de forma presencial. Para acessar o conte\u00fado \u00e9 preciso se inscrever no site do evento atrav\u00e9s do endere\u00e7o eletr\u00f4nico:\u00a0https:\/\/advisortalks.com.br\/2025\/. Participa\u00e7\u00e3o 2.1 Ao completar sua inscri\u00e7\u00e3o, o Participante declara e confirma estar integralmente de acordo com todos os termos desta [&hellip;]","og_url":"https:\/\/advisortalks.com.br\/2025\/termos-de-uso-e-politica-de-privacidade","og_site_name":"Advisor Talks 2025","article_modified_time":"2025-08-14T21:07:27+00:00","twitter_card":"summary_large_image","schema":{"@context":"https:\/\/schema.org","@graph":[{"@type":"WebPage","@id":"https:\/\/advisortalks.com.br\/2025\/termos-de-uso-e-politica-de-privacidade","url":"https:\/\/advisortalks.com.br\/2025\/termos-de-uso-e-politica-de-privacidade","name":"Termos de uso e pol\u00edtica de privacidade - Advisor Talks 2025","isPartOf":{"@id":"https:\/\/advisortalks.com.br\/2025\/#website"},"datePublished":"2023-03-15T18:26:57+00:00","dateModified":"2025-08-14T21:07:27+00:00","breadcrumb":{"@id":"https:\/\/advisortalks.com.br\/2025\/termos-de-uso-e-politica-de-privacidade#breadcrumb"},"inLanguage":"pt-BR","potentialAction":[{"@type":"ReadAction","target":["https:\/\/advisortalks.com.br\/2025\/termos-de-uso-e-politica-de-privacidade"]}]},{"@type":"BreadcrumbList","@id":"https:\/\/advisortalks.com.br\/2025\/termos-de-uso-e-politica-de-privacidade#breadcrumb","itemListElement":[{"@type":"ListItem","position":1,"name":"Home","item":"https:\/\/advisortalks.com.br\/2025\/"},{"@type":"ListItem","position":2,"name":"Termos de uso e pol\u00edtica de privacidade"}]},{"@type":"WebSite","@id":"https:\/\/advisortalks.com.br\/2025\/#website","url":"https:\/\/advisortalks.com.br\/2025\/","name":"Advisor Talks - 2\u00ba Congresso dos Acessos de Investimento","description":"","publisher":{"@id":"https:\/\/advisortalks.com.br\/2025\/#organization"},"potentialAction":[{"@type":"SearchAction","target":{"@type":"EntryPoint","urlTemplate":"https:\/\/advisortalks.com.br\/2025\/?s={search_term_string}"},"query-input":{"@type":"PropertyValueSpecification","valueRequired":true,"valueName":"search_term_string"}}],"inLanguage":"pt-BR"},{"@type":["Organization","Place"],"@id":"https:\/\/advisortalks.com.br\/2025\/#organization","name":"2\u00ba Congresso dos Acessos de Investimento","url":"https:\/\/advisortalks.com.br\/2025\/","logo":{"@id":"https:\/\/advisortalks.com.br\/2025\/termos-de-uso-e-politica-de-privacidade#local-main-organization-logo"},"image":{"@id":"https:\/\/advisortalks.com.br\/2025\/termos-de-uso-e-politica-de-privacidade#local-main-organization-logo"},"telephone":[],"openingHoursSpecification":[{"@type":"OpeningHoursSpecification","dayOfWeek":["Monday","Tuesday","Wednesday","Thursday","Friday","Saturday","Sunday"],"opens":"09:00","closes":"17:00"}]},{"@type":"ImageObject","inLanguage":"pt-BR","@id":"https:\/\/advisortalks.com.br\/2025\/termos-de-uso-e-politica-de-privacidade#local-main-organization-logo","url":"https:\/\/advisortalks.com.br\/2025\/wp-content\/uploads\/2024\/07\/BrandPrincipal.svg","contentUrl":"https:\/\/advisortalks.com.br\/2025\/wp-content\/uploads\/2024\/07\/BrandPrincipal.svg","width":178,"height":53,"caption":"2\u00ba Congresso dos Acessos de Investimento"}]}},"_links":{"self":[{"href":"https:\/\/advisortalks.com.br\/2025\/wp-json\/wp\/v2\/pages\/2220","targetHints":{"allow":["GET"]}}],"collection":[{"href":"https:\/\/advisortalks.com.br\/2025\/wp-json\/wp\/v2\/pages"}],"about":[{"href":"https:\/\/advisortalks.com.br\/2025\/wp-json\/wp\/v2\/types\/page"}],"author":[{"embeddable":true,"href":"https:\/\/advisortalks.com.br\/2025\/wp-json\/wp\/v2\/users\/1"}],"replies":[{"embeddable":true,"href":"https:\/\/advisortalks.com.br\/2025\/wp-json\/wp\/v2\/comments?post=2220"}],"version-history":[{"count":18,"href":"https:\/\/advisortalks.com.br\/2025\/wp-json\/wp\/v2\/pages\/2220\/revisions"}],"predecessor-version":[{"id":4051,"href":"https:\/\/advisortalks.com.br\/2025\/wp-json\/wp\/v2\/pages\/2220\/revisions\/4051"}],"wp:attachment":[{"href":"https:\/\/advisortalks.com.br\/2025\/wp-json\/wp\/v2\/media?parent=2220"}],"curies":[{"name":"wp","href":"https:\/\/api.w.org\/{rel}","templated":true}]}}