{"id":3700,"date":"2024-07-16T13:33:30","date_gmt":"2024-07-16T13:33:30","guid":{"rendered":"https:\/\/advisortalks.com.br\/2025\/?page_id=3700"},"modified":"2025-11-12T09:48:39","modified_gmt":"2025-11-12T12:48:39","slug":"contato","status":"publish","type":"page","link":"https:\/\/advisortalks.com.br\/2025\/contato","title":{"rendered":"Contato"},"content":{"rendered":"\n<div class=\"wp-block-columns is-layout-flex wp-container-core-columns-is-layout-2d7698b3 wp-block-columns-is-layout-flex\" style=\"padding-right:0;padding-left:0\">\n<div class=\"wp-block-column is-layout-flow wp-block-column-is-layout-flow\">\n<h2 class=\"wp-block-heading has-text-color\" id=\"h-suporte\" style=\"color:#002c58\">Suporte<\/h2>\n\n\n\n<p>Se voc\u00ea tem alguma d\u00favida em rela\u00e7\u00e3o ao evento, n\u00e3o deixe de entrar em contato com a institui\u00e7\u00e3o realizadora.<\/p>\n<\/div>\n\n\n\n<div class=\"wp-block-column is-layout-flow wp-block-column-is-layout-flow\">\n<div class=\"wp-block-kadence-column kadence-column3700_9ee5fe-ef inner-column-2\"><div class=\"kt-inside-inner-col\"><div class=\"wpforms-container wpforms-container-full formulario-de-inscricao wpforms-render-modern\" id=\"wpforms-3698\"><form id=\"wpforms-form-3698\" class=\"wpforms-validate wpforms-form wpforms-ajax-form\" data-formid=\"3698\" method=\"post\" enctype=\"multipart\/form-data\" action=\"\/2025\/wp-json\/wp\/v2\/pages\/3700\" data-token=\"0751be282e7330d795519c167e57c597\" data-token-time=\"1776250848\"><noscript class=\"wpforms-error-noscript\">Ative o JavaScript no seu navegador para preencher este formul\u00e1rio.<\/noscript><div id=\"wpforms-error-noscript\" style=\"display: none;\">Ative o JavaScript no seu navegador para preencher este formul\u00e1rio.<\/div><div class=\"wpforms-field-container\"><div id=\"wpforms-3698-field_56-container\" class=\"wpforms-field wpforms-field-name\" data-field-id=\"56\"><label class=\"wpforms-field-label\" for=\"wpforms-3698-field_56\">Nome completo <span class=\"wpforms-required-label\" aria-hidden=\"true\">*<\/span><\/label><input type=\"text\" id=\"wpforms-3698-field_56\" class=\"wpforms-field-large wpforms-field-required\" name=\"wpforms[fields][56]\" aria-errormessage=\"wpforms-3698-field_56-error\" required><\/div><div id=\"wpforms-3698-field_57-container\" class=\"wpforms-field wpforms-field-email\" data-field-id=\"57\"><fieldset><legend class=\"wpforms-field-label\">E-mail <span class=\"wpforms-required-label\" aria-hidden=\"true\">*<\/span><\/legend><div class=\"wpforms-field-row wpforms-field-large\"><div class=\"wpforms-field-row-block wpforms-one-half wpforms-first\"><input type=\"email\" id=\"wpforms-3698-field_57\" class=\"wpforms-field-required wpforms-field-email-primary\" name=\"wpforms[fields][57][primary]\" spellcheck=\"false\" aria-errormessage=\"wpforms-3698-field_57-error\" required><label for=\"wpforms-3698-field_57\" class=\"wpforms-field-sublabel after\">E-mail<\/label><\/div><div class=\"wpforms-field-row-block wpforms-one-half\"><input type=\"email\" id=\"wpforms-3698-field_57-secondary\" class=\"wpforms-field-email-secondary wpforms-field-required\" data-rule-confirm=\"#wpforms-3698-field_57\" name=\"wpforms[fields][57][secondary]\" spellcheck=\"false\" aria-errormessage=\"wpforms-3698-field_57-secondary-error\" required><label for=\"wpforms-3698-field_57-secondary\" class=\"wpforms-field-sublabel after\">Confirmar e-mail<\/label><\/div><\/div><\/fieldset><\/div><div id=\"wpforms-3698-field_58-container\" class=\"wpforms-field wpforms-field-text\" data-field-id=\"58\"><label class=\"wpforms-field-label\" for=\"wpforms-3698-field_58\">Assunto <span class=\"wpforms-required-label\" aria-hidden=\"true\">*<\/span><\/label><input type=\"text\" id=\"wpforms-3698-field_58\" class=\"wpforms-field-large wpforms-field-required\" name=\"wpforms[fields][58]\" aria-errormessage=\"wpforms-3698-field_58-error\" required><\/div><div id=\"wpforms-3698-field_59-container\" class=\"wpforms-field wpforms-field-textarea\" data-field-id=\"59\"><label class=\"wpforms-field-label\" for=\"wpforms-3698-field_59\">Mensagem <span class=\"wpforms-required-label\" aria-hidden=\"true\">*<\/span><\/label><textarea id=\"wpforms-3698-field_59\" class=\"wpforms-field-medium wpforms-field-required\" name=\"wpforms[fields][59]\" aria-errormessage=\"wpforms-3698-field_59-error\" required><\/textarea><\/div><\/div><!-- .wpforms-field-container --><div class=\"wpforms-submit-container\" ><input type=\"hidden\" name=\"wpforms[id]\" value=\"3698\"><input type=\"hidden\" name=\"page_title\" value=\"\"><input type=\"hidden\" name=\"page_url\" value=\"https:\/\/advisortalks.com.br\/2025\/wp-json\/wp\/v2\/pages\/3700\"><input type=\"hidden\" name=\"url_referer\" value=\"\"><button type=\"submit\" name=\"wpforms[submit]\" id=\"wpforms-submit-3698\" class=\"wpforms-submit btn-enviar-form\" data-alt-text=\"Enviando\u2026\" data-submit-text=\"Enviar mensagem\" aria-live=\"assertive\" value=\"wpforms-submit\">Enviar mensagem<\/button><img loading=\"lazy\" decoding=\"async\" src=\"https:\/\/advisortalks.com.br\/2025\/wp-content\/plugins\/wpforms\/assets\/images\/submit-spin.svg\" class=\"wpforms-submit-spinner\" style=\"display: none;\" width=\"26\" height=\"26\" alt=\"Carregando\"><\/div><\/form><\/div>  <!-- .wpforms-container -->\n<\/div><\/div>\n<\/div>\n<\/div>\n\n\n\n<p id=\"local\">O Advisor Talks 2025 acontece em 26 de novembro no <strong>Teatro do WTC S\u00e3o Paulo - Av. das Na\u00e7\u00f5es Unidas, 12551 - Brooklin Novo, S\u00e3o Paulo - SP, 04578-903<\/strong>.<\/p>\n\n\n\n<div style=\"width: 100%\"><iframe loading=\"lazy\" width=\"100%\" height=\"600\" frameborder=\"0\" scrolling=\"no\" marginheight=\"0\" marginwidth=\"0\" src=\"https:\/\/maps.google.com\/maps?width=100%25&amp;height=600&amp;hl=en&amp;q=WTC%20-%20S%C3%A3o%20Paulo%20\/%20SP%20-%20Av.%20das%20Na%C3%A7%C3%B5es%20Unidas,%2012551%20-%20Cidade%20Mon%C3%A7%C3%B5es,%20S%C3%A3o%20Paulo%20-%20SP,%2004578-903+(WTC%20-%20S%C3%A3o%20Paulo%20\/%20SP)&amp;t=&amp;z=14&amp;ie=UTF8&amp;iwloc=B&amp;output=embed\"><\/iframe><\/div>\n","protected":false},"excerpt":{"rendered":"<p>Suporte Se voc\u00ea tem alguma d\u00favida em rela\u00e7\u00e3o ao evento, n\u00e3o deixe de entrar em contato com a institui\u00e7\u00e3o realizadora. O Advisor Talks 2025 acontece em 26 de novembro no Teatro do WTC S\u00e3o Paulo - Av. das Na\u00e7\u00f5es Unidas, 12551 - Brooklin Novo, S\u00e3o Paulo - SP, 04578-903.<\/p>\n","protected":false},"author":1,"featured_media":0,"parent":0,"menu_order":13,"comment_status":"closed","ping_status":"closed","template":"","meta":{"inline_featured_image":false,"footnotes":""},"class_list":["post-3700","page","type-page","status-publish","hentry"],"acf":[],"yoast_head":"<!-- This site is optimized with the Yoast SEO Premium plugin v25.9 (Yoast SEO v26.1.1) - https:\/\/yoast.com\/wordpress\/plugins\/seo\/ -->\n<title>Contato - Advisor Talks 2025<\/title>\n<meta name=\"description\" content=\"Entre em Contato para Participar do Advisor Talks \u2013 2\u00ba Congresso de Assessoria de Investimentos\" \/>\n<meta name=\"robots\" content=\"index, follow, max-snippet:-1, max-image-preview:large, max-video-preview:-1\" \/>\n<link rel=\"canonical\" href=\"https:\/\/advisortalks.com.br\/2025\/contato\" \/>\n<meta property=\"og:locale\" content=\"pt_BR\" \/>\n<meta property=\"og:type\" content=\"article\" \/>\n<meta property=\"og:title\" content=\"Contato\" \/>\n<meta property=\"og:description\" content=\"Entre em Contato para Participar do Advisor Talks \u2013 2\u00ba Congresso de Assessoria de Investimentos\" \/>\n<meta property=\"og:url\" content=\"https:\/\/advisortalks.com.br\/2025\/contato\" \/>\n<meta property=\"og:site_name\" content=\"Advisor Talks 2025\" \/>\n<meta property=\"article:modified_time\" content=\"2025-11-12T12:48:39+00:00\" \/>\n<meta name=\"twitter:card\" content=\"summary_large_image\" \/>\n<meta name=\"twitter:label1\" content=\"Est. tempo de leitura\" \/>\n\t<meta name=\"twitter:data1\" content=\"1 minuto\" \/>\n<script type=\"application\/ld+json\" class=\"yoast-schema-graph\">{\"@context\":\"https:\/\/schema.org\",\"@graph\":[{\"@type\":\"WebPage\",\"@id\":\"https:\/\/advisortalks.com.br\/2025\/contato\",\"url\":\"https:\/\/advisortalks.com.br\/2025\/contato\",\"name\":\"Contato - Advisor Talks 2025\",\"isPartOf\":{\"@id\":\"https:\/\/advisortalks.com.br\/2025\/#website\"},\"datePublished\":\"2024-07-16T13:33:30+00:00\",\"dateModified\":\"2025-11-12T12:48:39+00:00\",\"description\":\"Entre em Contato para Participar do Advisor Talks \u2013 2\u00ba Congresso de Assessoria de Investimentos\",\"breadcrumb\":{\"@id\":\"https:\/\/advisortalks.com.br\/2025\/contato#breadcrumb\"},\"inLanguage\":\"pt-BR\",\"potentialAction\":[{\"@type\":\"ReadAction\",\"target\":[\"https:\/\/advisortalks.com.br\/2025\/contato\"]}]},{\"@type\":\"BreadcrumbList\",\"@id\":\"https:\/\/advisortalks.com.br\/2025\/contato#breadcrumb\",\"itemListElement\":[{\"@type\":\"ListItem\",\"position\":1,\"name\":\"Home\",\"item\":\"https:\/\/advisortalks.com.br\/2025\/\"},{\"@type\":\"ListItem\",\"position\":2,\"name\":\"Contato\"}]},{\"@type\":\"WebSite\",\"@id\":\"https:\/\/advisortalks.com.br\/2025\/#website\",\"url\":\"https:\/\/advisortalks.com.br\/2025\/\",\"name\":\"Advisor Talks - 2\u00ba Congresso dos Acessos de Investimento\",\"description\":\"\",\"publisher\":{\"@id\":\"https:\/\/advisortalks.com.br\/2025\/#organization\"},\"potentialAction\":[{\"@type\":\"SearchAction\",\"target\":{\"@type\":\"EntryPoint\",\"urlTemplate\":\"https:\/\/advisortalks.com.br\/2025\/?s={search_term_string}\"},\"query-input\":{\"@type\":\"PropertyValueSpecification\",\"valueRequired\":true,\"valueName\":\"search_term_string\"}}],\"inLanguage\":\"pt-BR\"},{\"@type\":[\"Organization\",\"Place\"],\"@id\":\"https:\/\/advisortalks.com.br\/2025\/#organization\",\"name\":\"2\u00ba Congresso dos Acessos de Investimento\",\"url\":\"https:\/\/advisortalks.com.br\/2025\/\",\"logo\":{\"@id\":\"https:\/\/advisortalks.com.br\/2025\/contato#local-main-organization-logo\"},\"image\":{\"@id\":\"https:\/\/advisortalks.com.br\/2025\/contato#local-main-organization-logo\"},\"telephone\":[],\"openingHoursSpecification\":[{\"@type\":\"OpeningHoursSpecification\",\"dayOfWeek\":[\"Monday\",\"Tuesday\",\"Wednesday\",\"Thursday\",\"Friday\",\"Saturday\",\"Sunday\"],\"opens\":\"09:00\",\"closes\":\"17:00\"}]},{\"@type\":\"ImageObject\",\"inLanguage\":\"pt-BR\",\"@id\":\"https:\/\/advisortalks.com.br\/2025\/contato#local-main-organization-logo\",\"url\":\"https:\/\/advisortalks.com.br\/2025\/wp-content\/uploads\/2024\/07\/BrandPrincipal.svg\",\"contentUrl\":\"https:\/\/advisortalks.com.br\/2025\/wp-content\/uploads\/2024\/07\/BrandPrincipal.svg\",\"width\":178,\"height\":53,\"caption\":\"2\u00ba Congresso dos Acessos de Investimento\"}]}<\/script>\n<!-- \/ Yoast SEO Premium plugin. -->","yoast_head_json":{"title":"Contato - Advisor Talks 2025","description":"Entre em Contato para Participar do Advisor Talks \u2013 2\u00ba Congresso de Assessoria de Investimentos","robots":{"index":"index","follow":"follow","max-snippet":"max-snippet:-1","max-image-preview":"max-image-preview:large","max-video-preview":"max-video-preview:-1"},"canonical":"https:\/\/advisortalks.com.br\/2025\/contato","og_locale":"pt_BR","og_type":"article","og_title":"Contato","og_description":"Entre em Contato para Participar do Advisor Talks \u2013 2\u00ba Congresso de Assessoria de Investimentos","og_url":"https:\/\/advisortalks.com.br\/2025\/contato","og_site_name":"Advisor Talks 2025","article_modified_time":"2025-11-12T12:48:39+00:00","twitter_card":"summary_large_image","twitter_misc":{"Est. tempo de leitura":"1 minuto"},"schema":{"@context":"https:\/\/schema.org","@graph":[{"@type":"WebPage","@id":"https:\/\/advisortalks.com.br\/2025\/contato","url":"https:\/\/advisortalks.com.br\/2025\/contato","name":"Contato - Advisor Talks 2025","isPartOf":{"@id":"https:\/\/advisortalks.com.br\/2025\/#website"},"datePublished":"2024-07-16T13:33:30+00:00","dateModified":"2025-11-12T12:48:39+00:00","description":"Entre em Contato para Participar do Advisor Talks \u2013 2\u00ba Congresso de Assessoria de Investimentos","breadcrumb":{"@id":"https:\/\/advisortalks.com.br\/2025\/contato#breadcrumb"},"inLanguage":"pt-BR","potentialAction":[{"@type":"ReadAction","target":["https:\/\/advisortalks.com.br\/2025\/contato"]}]},{"@type":"BreadcrumbList","@id":"https:\/\/advisortalks.com.br\/2025\/contato#breadcrumb","itemListElement":[{"@type":"ListItem","position":1,"name":"Home","item":"https:\/\/advisortalks.com.br\/2025\/"},{"@type":"ListItem","position":2,"name":"Contato"}]},{"@type":"WebSite","@id":"https:\/\/advisortalks.com.br\/2025\/#website","url":"https:\/\/advisortalks.com.br\/2025\/","name":"Advisor Talks - 2\u00ba Congresso dos Acessos de Investimento","description":"","publisher":{"@id":"https:\/\/advisortalks.com.br\/2025\/#organization"},"potentialAction":[{"@type":"SearchAction","target":{"@type":"EntryPoint","urlTemplate":"https:\/\/advisortalks.com.br\/2025\/?s={search_term_string}"},"query-input":{"@type":"PropertyValueSpecification","valueRequired":true,"valueName":"search_term_string"}}],"inLanguage":"pt-BR"},{"@type":["Organization","Place"],"@id":"https:\/\/advisortalks.com.br\/2025\/#organization","name":"2\u00ba Congresso dos Acessos de Investimento","url":"https:\/\/advisortalks.com.br\/2025\/","logo":{"@id":"https:\/\/advisortalks.com.br\/2025\/contato#local-main-organization-logo"},"image":{"@id":"https:\/\/advisortalks.com.br\/2025\/contato#local-main-organization-logo"},"telephone":[],"openingHoursSpecification":[{"@type":"OpeningHoursSpecification","dayOfWeek":["Monday","Tuesday","Wednesday","Thursday","Friday","Saturday","Sunday"],"opens":"09:00","closes":"17:00"}]},{"@type":"ImageObject","inLanguage":"pt-BR","@id":"https:\/\/advisortalks.com.br\/2025\/contato#local-main-organization-logo","url":"https:\/\/advisortalks.com.br\/2025\/wp-content\/uploads\/2024\/07\/BrandPrincipal.svg","contentUrl":"https:\/\/advisortalks.com.br\/2025\/wp-content\/uploads\/2024\/07\/BrandPrincipal.svg","width":178,"height":53,"caption":"2\u00ba Congresso dos Acessos de Investimento"}]}},"_links":{"self":[{"href":"https:\/\/advisortalks.com.br\/2025\/wp-json\/wp\/v2\/pages\/3700","targetHints":{"allow":["GET"]}}],"collection":[{"href":"https:\/\/advisortalks.com.br\/2025\/wp-json\/wp\/v2\/pages"}],"about":[{"href":"https:\/\/advisortalks.com.br\/2025\/wp-json\/wp\/v2\/types\/page"}],"author":[{"embeddable":true,"href":"https:\/\/advisortalks.com.br\/2025\/wp-json\/wp\/v2\/users\/1"}],"replies":[{"embeddable":true,"href":"https:\/\/advisortalks.com.br\/2025\/wp-json\/wp\/v2\/comments?post=3700"}],"version-history":[{"count":21,"href":"https:\/\/advisortalks.com.br\/2025\/wp-json\/wp\/v2\/pages\/3700\/revisions"}],"predecessor-version":[{"id":4471,"href":"https:\/\/advisortalks.com.br\/2025\/wp-json\/wp\/v2\/pages\/3700\/revisions\/4471"}],"wp:attachment":[{"href":"https:\/\/advisortalks.com.br\/2025\/wp-json\/wp\/v2\/media?parent=3700"}],"curies":[{"name":"wp","href":"https:\/\/api.w.org\/{rel}","templated":true}]}}