{"id":374,"date":"2023-01-17T18:24:29","date_gmt":"2023-01-17T18:24:29","guid":{"rendered":"https:\/\/advisortalks.com.br\/2025\/?page_id=374"},"modified":"2024-07-17T12:52:18","modified_gmt":"2024-07-17T12:52:18","slug":"imprensa","status":"publish","type":"page","link":"https:\/\/advisortalks.com.br\/2025\/imprensa","title":{"rendered":"Imprensa"},"content":{"rendered":"\n<div class=\"wp-block-columns is-layout-flex wp-container-core-columns-is-layout-28f84493 wp-block-columns-is-layout-flex\">\n<div class=\"wp-block-column is-layout-flow wp-block-column-is-layout-flow\">\n<h2 class=\"wp-block-heading has-text-color\" id=\"h-cobertura-jornalistica-do-evento\" style=\"color:#002c58\">Cobertura jornal\u00edstica do evento<\/h2>\n\n\n\n<p>Em rela\u00e7\u00e3o \u00e0 cobertura jornal\u00edstica do evento, o credenciamento deve ser feito diretamente com nossos assessores de comunica\u00e7\u00e3o.<\/p>\n<\/div>\n\n\n\n<div class=\"wp-block-column is-layout-flow wp-block-column-is-layout-flow\">\n<div class=\"wp-block-kadence-column kadence-column374_86f43d-f5 inner-column-2\"><div class=\"kt-inside-inner-col\">\n<div class=\"wp-block-kadence-infobox kt-info-box374_2c92f0-7f\"><span class=\"kt-blocks-info-box-link-wrap info-box-link kt-blocks-info-box-media-align-left kt-info-halign-left\"><div class=\"kt-blocks-info-box-media-container\"><div class=\"kt-blocks-info-box-media kt-info-media-animate-none\"><div class=\"kadence-info-box-icon-container kt-info-icon-animate-none\"><div class=\"kadence-info-box-icon-inner-container\"><span class=\"kb-svg-icon-wrap kb-svg-icon-fe_mic kt-info-svg-icon\"><svg viewBox=\"0 0 24 24\"  fill=\"none\" stroke=\"currentColor\" stroke-width=\"2\" stroke-linecap=\"round\" stroke-linejoin=\"round\" xmlns=\"http:\/\/www.w3.org\/2000\/svg\"  aria-hidden=\"true\"><path d=\"M12 1a3 3 0 0 0-3 3v8a3 3 0 0 0 6 0V4a3 3 0 0 0-3-3z\"\/><path d=\"M19 10v2a7 7 0 0 1-14 0v-2\"\/><line x1=\"12\" y1=\"19\" x2=\"12\" y2=\"23\"\/><line x1=\"8\" y1=\"23\" x2=\"16\" y2=\"23\"\/><\/svg><\/span><\/div><\/div><\/div><\/div><div class=\"kt-infobox-textcontent\"><h4 class=\"kt-blocks-info-box-title\">Assessoria de Imprensa<\/h4><p class=\"kt-blocks-info-box-text\">Gustavo Ara\u00fajo<br\/>(11) 95824-9796<\/p><\/div><\/span><\/div>\n<\/div><\/div>\n\n\n\n<p><\/p>\n<\/div>\n<\/div>\n\n\n\n<p><\/p>\n","protected":false},"excerpt":{"rendered":"<p>Cobertura jornal\u00edstica do evento Em rela\u00e7\u00e3o \u00e0 cobertura jornal\u00edstica do evento, o credenciamento deve ser feito diretamente com nossos assessores de comunica\u00e7\u00e3o.<\/p>\n","protected":false},"author":1,"featured_media":0,"parent":0,"menu_order":13,"comment_status":"closed","ping_status":"closed","template":"","meta":{"inline_featured_image":false,"footnotes":""},"class_list":["post-374","page","type-page","status-publish","hentry"],"acf":[],"yoast_head":"<!-- This site is optimized with the Yoast SEO Premium plugin v25.9 (Yoast SEO v26.1.1) - https:\/\/yoast.com\/wordpress\/plugins\/seo\/ -->\n<title>Imprensa - Advisor Talks 2025<\/title>\n<meta name=\"description\" content=\"Advisor Talks \u2013 2\u00ba Congresso de Assessoria de Investimentos: O Evento Financeiro do Ano nos Dias 26 e 27 de Agosto de 2024\" \/>\n<meta name=\"robots\" content=\"index, follow, max-snippet:-1, max-image-preview:large, max-video-preview:-1\" \/>\n<link rel=\"canonical\" href=\"https:\/\/advisortalks.com.br\/2025\/imprensa\" \/>\n<meta property=\"og:locale\" content=\"pt_BR\" \/>\n<meta property=\"og:type\" content=\"article\" \/>\n<meta property=\"og:title\" content=\"Imprensa\" \/>\n<meta property=\"og:description\" content=\"Advisor Talks \u2013 2\u00ba Congresso de Assessoria de Investimentos: O Evento Financeiro do Ano nos Dias 26 e 27 de Agosto de 2024\" \/>\n<meta property=\"og:url\" content=\"https:\/\/advisortalks.com.br\/2025\/imprensa\" \/>\n<meta property=\"og:site_name\" content=\"Advisor Talks 2025\" \/>\n<meta property=\"article:modified_time\" content=\"2024-07-17T12:52:18+00:00\" \/>\n<meta name=\"twitter:card\" content=\"summary_large_image\" \/>\n<meta name=\"twitter:label1\" content=\"Est. tempo de leitura\" \/>\n\t<meta name=\"twitter:data1\" content=\"1 minuto\" \/>\n<script type=\"application\/ld+json\" class=\"yoast-schema-graph\">{\"@context\":\"https:\/\/schema.org\",\"@graph\":[{\"@type\":\"WebPage\",\"@id\":\"https:\/\/advisortalks.com.br\/2025\/imprensa\",\"url\":\"https:\/\/advisortalks.com.br\/2025\/imprensa\",\"name\":\"Imprensa - Advisor Talks 2025\",\"isPartOf\":{\"@id\":\"https:\/\/advisortalks.com.br\/2025\/#website\"},\"datePublished\":\"2023-01-17T18:24:29+00:00\",\"dateModified\":\"2024-07-17T12:52:18+00:00\",\"description\":\"Advisor Talks \u2013 2\u00ba Congresso de Assessoria de Investimentos: O Evento Financeiro do Ano nos Dias 26 e 27 de Agosto de 2024\",\"breadcrumb\":{\"@id\":\"https:\/\/advisortalks.com.br\/2025\/imprensa#breadcrumb\"},\"inLanguage\":\"pt-BR\",\"potentialAction\":[{\"@type\":\"ReadAction\",\"target\":[\"https:\/\/advisortalks.com.br\/2025\/imprensa\"]}]},{\"@type\":\"BreadcrumbList\",\"@id\":\"https:\/\/advisortalks.com.br\/2025\/imprensa#breadcrumb\",\"itemListElement\":[{\"@type\":\"ListItem\",\"position\":1,\"name\":\"Home\",\"item\":\"https:\/\/advisortalks.com.br\/2025\/\"},{\"@type\":\"ListItem\",\"position\":2,\"name\":\"Imprensa\"}]},{\"@type\":\"WebSite\",\"@id\":\"https:\/\/advisortalks.com.br\/2025\/#website\",\"url\":\"https:\/\/advisortalks.com.br\/2025\/\",\"name\":\"Advisor Talks - 2\u00ba Congresso dos Acessos de Investimento\",\"description\":\"\",\"publisher\":{\"@id\":\"https:\/\/advisortalks.com.br\/2025\/#organization\"},\"potentialAction\":[{\"@type\":\"SearchAction\",\"target\":{\"@type\":\"EntryPoint\",\"urlTemplate\":\"https:\/\/advisortalks.com.br\/2025\/?s={search_term_string}\"},\"query-input\":{\"@type\":\"PropertyValueSpecification\",\"valueRequired\":true,\"valueName\":\"search_term_string\"}}],\"inLanguage\":\"pt-BR\"},{\"@type\":[\"Organization\",\"Place\"],\"@id\":\"https:\/\/advisortalks.com.br\/2025\/#organization\",\"name\":\"2\u00ba Congresso dos Acessos de Investimento\",\"url\":\"https:\/\/advisortalks.com.br\/2025\/\",\"logo\":{\"@id\":\"https:\/\/advisortalks.com.br\/2025\/imprensa#local-main-organization-logo\"},\"image\":{\"@id\":\"https:\/\/advisortalks.com.br\/2025\/imprensa#local-main-organization-logo\"},\"telephone\":[],\"openingHoursSpecification\":[{\"@type\":\"OpeningHoursSpecification\",\"dayOfWeek\":[\"Monday\",\"Tuesday\",\"Wednesday\",\"Thursday\",\"Friday\",\"Saturday\",\"Sunday\"],\"opens\":\"09:00\",\"closes\":\"17:00\"}]},{\"@type\":\"ImageObject\",\"inLanguage\":\"pt-BR\",\"@id\":\"https:\/\/advisortalks.com.br\/2025\/imprensa#local-main-organization-logo\",\"url\":\"https:\/\/advisortalks.com.br\/2025\/wp-content\/uploads\/2024\/07\/BrandPrincipal.svg\",\"contentUrl\":\"https:\/\/advisortalks.com.br\/2025\/wp-content\/uploads\/2024\/07\/BrandPrincipal.svg\",\"width\":178,\"height\":53,\"caption\":\"2\u00ba Congresso dos Acessos de Investimento\"}]}<\/script>\n<!-- \/ Yoast SEO Premium plugin. -->","yoast_head_json":{"title":"Imprensa - Advisor Talks 2025","description":"Advisor Talks \u2013 2\u00ba Congresso de Assessoria de Investimentos: O Evento Financeiro do Ano nos Dias 26 e 27 de Agosto de 2024","robots":{"index":"index","follow":"follow","max-snippet":"max-snippet:-1","max-image-preview":"max-image-preview:large","max-video-preview":"max-video-preview:-1"},"canonical":"https:\/\/advisortalks.com.br\/2025\/imprensa","og_locale":"pt_BR","og_type":"article","og_title":"Imprensa","og_description":"Advisor Talks \u2013 2\u00ba Congresso de Assessoria de Investimentos: O Evento Financeiro do Ano nos Dias 26 e 27 de Agosto de 2024","og_url":"https:\/\/advisortalks.com.br\/2025\/imprensa","og_site_name":"Advisor Talks 2025","article_modified_time":"2024-07-17T12:52:18+00:00","twitter_card":"summary_large_image","twitter_misc":{"Est. tempo de leitura":"1 minuto"},"schema":{"@context":"https:\/\/schema.org","@graph":[{"@type":"WebPage","@id":"https:\/\/advisortalks.com.br\/2025\/imprensa","url":"https:\/\/advisortalks.com.br\/2025\/imprensa","name":"Imprensa - Advisor Talks 2025","isPartOf":{"@id":"https:\/\/advisortalks.com.br\/2025\/#website"},"datePublished":"2023-01-17T18:24:29+00:00","dateModified":"2024-07-17T12:52:18+00:00","description":"Advisor Talks \u2013 2\u00ba Congresso de Assessoria de Investimentos: O Evento Financeiro do Ano nos Dias 26 e 27 de Agosto de 2024","breadcrumb":{"@id":"https:\/\/advisortalks.com.br\/2025\/imprensa#breadcrumb"},"inLanguage":"pt-BR","potentialAction":[{"@type":"ReadAction","target":["https:\/\/advisortalks.com.br\/2025\/imprensa"]}]},{"@type":"BreadcrumbList","@id":"https:\/\/advisortalks.com.br\/2025\/imprensa#breadcrumb","itemListElement":[{"@type":"ListItem","position":1,"name":"Home","item":"https:\/\/advisortalks.com.br\/2025\/"},{"@type":"ListItem","position":2,"name":"Imprensa"}]},{"@type":"WebSite","@id":"https:\/\/advisortalks.com.br\/2025\/#website","url":"https:\/\/advisortalks.com.br\/2025\/","name":"Advisor Talks - 2\u00ba Congresso dos Acessos de Investimento","description":"","publisher":{"@id":"https:\/\/advisortalks.com.br\/2025\/#organization"},"potentialAction":[{"@type":"SearchAction","target":{"@type":"EntryPoint","urlTemplate":"https:\/\/advisortalks.com.br\/2025\/?s={search_term_string}"},"query-input":{"@type":"PropertyValueSpecification","valueRequired":true,"valueName":"search_term_string"}}],"inLanguage":"pt-BR"},{"@type":["Organization","Place"],"@id":"https:\/\/advisortalks.com.br\/2025\/#organization","name":"2\u00ba Congresso dos Acessos de Investimento","url":"https:\/\/advisortalks.com.br\/2025\/","logo":{"@id":"https:\/\/advisortalks.com.br\/2025\/imprensa#local-main-organization-logo"},"image":{"@id":"https:\/\/advisortalks.com.br\/2025\/imprensa#local-main-organization-logo"},"telephone":[],"openingHoursSpecification":[{"@type":"OpeningHoursSpecification","dayOfWeek":["Monday","Tuesday","Wednesday","Thursday","Friday","Saturday","Sunday"],"opens":"09:00","closes":"17:00"}]},{"@type":"ImageObject","inLanguage":"pt-BR","@id":"https:\/\/advisortalks.com.br\/2025\/imprensa#local-main-organization-logo","url":"https:\/\/advisortalks.com.br\/2025\/wp-content\/uploads\/2024\/07\/BrandPrincipal.svg","contentUrl":"https:\/\/advisortalks.com.br\/2025\/wp-content\/uploads\/2024\/07\/BrandPrincipal.svg","width":178,"height":53,"caption":"2\u00ba Congresso dos Acessos de Investimento"}]}},"_links":{"self":[{"href":"https:\/\/advisortalks.com.br\/2025\/wp-json\/wp\/v2\/pages\/374","targetHints":{"allow":["GET"]}}],"collection":[{"href":"https:\/\/advisortalks.com.br\/2025\/wp-json\/wp\/v2\/pages"}],"about":[{"href":"https:\/\/advisortalks.com.br\/2025\/wp-json\/wp\/v2\/types\/page"}],"author":[{"embeddable":true,"href":"https:\/\/advisortalks.com.br\/2025\/wp-json\/wp\/v2\/users\/1"}],"replies":[{"embeddable":true,"href":"https:\/\/advisortalks.com.br\/2025\/wp-json\/wp\/v2\/comments?post=374"}],"version-history":[{"count":64,"href":"https:\/\/advisortalks.com.br\/2025\/wp-json\/wp\/v2\/pages\/374\/revisions"}],"predecessor-version":[{"id":3752,"href":"https:\/\/advisortalks.com.br\/2025\/wp-json\/wp\/v2\/pages\/374\/revisions\/3752"}],"wp:attachment":[{"href":"https:\/\/advisortalks.com.br\/2025\/wp-json\/wp\/v2\/media?parent=374"}],"curies":[{"name":"wp","href":"https:\/\/api.w.org\/{rel}","templated":true}]}}